{"id":7469,"date":"2026-02-24T06:46:25","date_gmt":"2026-02-24T06:46:25","guid":{"rendered":"https:\/\/ikriegos.com\/?post_type=product&#038;p=7469"},"modified":"2026-02-24T15:57:10","modified_gmt":"2026-02-24T15:57:10","slug":"electrovalvula-k-rain-pro-serie-150-de-2","status":"publish","type":"product","link":"https:\/\/ikriegos.com\/en\/tienda\/jardineria\/electrovalvulas\/electrovalvula-k-rain-pro-serie-150-de-2\/","title":{"rendered":"Electrov\u00e1lvula K-RAIN PRO SERIE 150 de 2&#8243;"},"content":{"rendered":"<p>Las electrov\u00e1lvulas de K-Rain cuentan con un pasador dosificador extra\u00edble y un tornillo de purga externo que facilitan el mantenimiento y la operaci\u00f3n manual. La v\u00e1lvula Jar-Top proporciona al contratista profesional un f\u00e1cil acceso para el mantenimiento. Los modelos de 2&#8243; cuentan con una tapa de entrada extra\u00edble para modificar f\u00e1cilmente la configuraci\u00f3n de una v\u00e1lvula de globo a una v\u00e1lvula angular.<\/p>\n","protected":false},"excerpt":{"rendered":"<p>Ref.: <strong>K712024 \/ K712009<\/strong><\/p>\n<p>Las v\u00e1lvulas el\u00e9ctricas K-Rain ProSeries 150 ofrecen al profesional del riego una amplia gama de caracter\u00edsticas y beneficios. Los modelos de 2&#8243; cuentan con un pasador dosificador extra\u00edble y un tornillo de purga externo que facilitan el mantenimiento y la operaci\u00f3n manual.<\/p>\n","protected":false},"featured_media":7453,"template":"","meta":[],"product_brand":[165],"product_cat":[106,96],"product_tag":[194,215,216],"class_list":{"0":"post-7469","1":"product","2":"type-product","3":"status-publish","4":"has-post-thumbnail","6":"product_brand-k-rain","7":"product_cat-electrovalvulas","8":"product_cat-jardineria","9":"product_tag-24v","10":"product_tag-electrovalvula","11":"product_tag-k-rain","13":"first","14":"instock","15":"taxable","16":"shipping-taxable","17":"purchasable","18":"product-type-variable"},"_links":{"self":[{"href":"https:\/\/ikriegos.com\/en\/wp-json\/wp\/v2\/product\/7469","targetHints":{"allow":["GET"]}}],"collection":[{"href":"https:\/\/ikriegos.com\/en\/wp-json\/wp\/v2\/product"}],"about":[{"href":"https:\/\/ikriegos.com\/en\/wp-json\/wp\/v2\/types\/product"}],"wp:featuredmedia":[{"embeddable":true,"href":"https:\/\/ikriegos.com\/en\/wp-json\/wp\/v2\/media\/7453"}],"wp:attachment":[{"href":"https:\/\/ikriegos.com\/en\/wp-json\/wp\/v2\/media?parent=7469"}],"wp:term":[{"taxonomy":"product_brand","embeddable":true,"href":"https:\/\/ikriegos.com\/en\/wp-json\/wp\/v2\/product_brand?post=7469"},{"taxonomy":"product_cat","embeddable":true,"href":"https:\/\/ikriegos.com\/en\/wp-json\/wp\/v2\/product_cat?post=7469"},{"taxonomy":"product_tag","embeddable":true,"href":"https:\/\/ikriegos.com\/en\/wp-json\/wp\/v2\/product_tag?post=7469"}],"curies":[{"name":"wp","href":"https:\/\/api.w.org\/{rel}","templated":true}]}}