{"id":7452,"date":"2026-02-23T15:25:51","date_gmt":"2026-02-23T15:25:51","guid":{"rendered":"https:\/\/nuevo.ikriegos.com\/?post_type=product&#038;p=7452"},"modified":"2026-02-24T07:05:31","modified_gmt":"2026-02-24T07:05:31","slug":"electrovalvula-krain-1-1-2","status":"publish","type":"product","link":"https:\/\/ikriegos.com\/en\/tienda\/jardineria\/electrovalvulas\/electrovalvula-krain-1-1-2\/","title":{"rendered":"Electrov\u00e1lvula K-RAIN PRO SERIE 150 de 1 1\/2&#8243;"},"content":{"rendered":"<p>Las electrov\u00e1lvulas de K-Rain cuentan con un pasador dosificador extra\u00edble y un tornillo de purga externo que facilitan el mantenimiento y la operaci\u00f3n manual. La v\u00e1lvula Jar-Top proporciona al contratista profesional un f\u00e1cil acceso para el mantenimiento. Los modelos de 1-1\/2&#8243;\u00a0 cuentan con una tapa de entrada extra\u00edble para modificar f\u00e1cilmente la configuraci\u00f3n de una v\u00e1lvula de globo a una v\u00e1lvula angular.<\/p>\n","protected":false},"excerpt":{"rendered":"<p>Ref.:<strong> K711524 \/ K711509<\/strong><\/p>\n<p>Las v\u00e1lvulas el\u00e9ctricas K-Rain ProSeries 150 ofrecen al profesional del riego una amplia gama de caracter\u00edsticas y beneficios. Los modelos de 1-1\/2&#8243; cuentan con un pasador dosificador extra\u00edble y un tornillo de purga externo que facilitan el mantenimiento y la operaci\u00f3n manual.<\/p>\n","protected":false},"featured_media":7453,"template":"","meta":[],"product_brand":[165],"product_cat":[106,96],"product_tag":[194,160,215,216,182],"class_list":{"0":"post-7452","1":"product","2":"type-product","3":"status-publish","4":"has-post-thumbnail","6":"product_brand-k-rain","7":"product_cat-electrovalvulas","8":"product_cat-jardineria","9":"product_tag-24v","10":"product_tag-bluetooth","11":"product_tag-electrovalvula","12":"product_tag-k-rain","13":"product_tag-programador","15":"first","16":"instock","17":"taxable","18":"shipping-taxable","19":"purchasable","20":"product-type-variable"},"_links":{"self":[{"href":"https:\/\/ikriegos.com\/en\/wp-json\/wp\/v2\/product\/7452","targetHints":{"allow":["GET"]}}],"collection":[{"href":"https:\/\/ikriegos.com\/en\/wp-json\/wp\/v2\/product"}],"about":[{"href":"https:\/\/ikriegos.com\/en\/wp-json\/wp\/v2\/types\/product"}],"wp:featuredmedia":[{"embeddable":true,"href":"https:\/\/ikriegos.com\/en\/wp-json\/wp\/v2\/media\/7453"}],"wp:attachment":[{"href":"https:\/\/ikriegos.com\/en\/wp-json\/wp\/v2\/media?parent=7452"}],"wp:term":[{"taxonomy":"product_brand","embeddable":true,"href":"https:\/\/ikriegos.com\/en\/wp-json\/wp\/v2\/product_brand?post=7452"},{"taxonomy":"product_cat","embeddable":true,"href":"https:\/\/ikriegos.com\/en\/wp-json\/wp\/v2\/product_cat?post=7452"},{"taxonomy":"product_tag","embeddable":true,"href":"https:\/\/ikriegos.com\/en\/wp-json\/wp\/v2\/product_tag?post=7452"}],"curies":[{"name":"wp","href":"https:\/\/api.w.org\/{rel}","templated":true}]}}