{"id":7440,"date":"2026-02-10T11:27:08","date_gmt":"2026-02-10T11:27:08","guid":{"rendered":"https:\/\/nuevo.ikriegos.com\/?post_type=product&#038;p=7440"},"modified":"2026-02-24T16:39:28","modified_gmt":"2026-02-24T16:39:28","slug":"programador-k-rain-blue-9v-bluetooth","status":"publish","type":"product","link":"https:\/\/ikriegos.com\/en\/tienda\/jardineria\/programadores\/programador-k-rain-blue-9v-bluetooth\/","title":{"rendered":"Programador K-RAIN BLUE 9V Bluetooth"},"content":{"rendered":"<p>Cada c\u00e9sped es importante, incluyendo medianas, rotondas y otras \u00e1reas donde no hay corriente alterna. Por eso, el controlador a bater\u00eda K-Rain BLUE es el producto ideal para estas situaciones.<\/p>\n<p>Con tecnolog\u00eda inal\u00e1mbrica Bluetooth, K-Rain BLUE permite gestionar cientos de controladores desde una sencilla aplicaci\u00f3n. Su funci\u00f3n de geolocalizaci\u00f3n muestra cada sitio, cada controlador y cada programa. \u00bfNecesita permitir el acceso de su equipo de campo? La programaci\u00f3n remota CrewView\u2122 permite que todo el equipo tenga visibilidad de un sitio.<\/p>\n","protected":false},"excerpt":{"rendered":"<p>Ref.: <strong>KBLUE<\/strong><\/p>\n<p>El programador <strong>BLUE<\/strong> es un controlador de riego a bater\u00eda ideal para zonas verdes sin electricidad, como rotondas o medianas. Se gestiona f\u00e1cilmente por <strong>Bluetooth<\/strong> desde una app, con geolocalizaci\u00f3n y control remoto del equipo. Modelo de 1, 2 y 4 estaciones.<\/p>\n","protected":false},"featured_media":7441,"template":"","meta":[],"product_brand":[165],"product_cat":[96,104],"product_tag":[192,193,99,160,98,216,202,182],"class_list":{"0":"post-7440","1":"product","2":"type-product","3":"status-publish","4":"has-post-thumbnail","6":"product_brand-k-rain","7":"product_cat-jardineria","8":"product_cat-programadores","9":"product_tag-9v","10":"product_tag-ahorro-de-agua","11":"product_tag-autonomo","12":"product_tag-bluetooth","13":"product_tag-inteligente","14":"product_tag-k-rain","15":"product_tag-lluvia","16":"product_tag-programador","18":"first","19":"instock","20":"taxable","21":"shipping-taxable","22":"purchasable","23":"product-type-variable"},"_links":{"self":[{"href":"https:\/\/ikriegos.com\/en\/wp-json\/wp\/v2\/product\/7440","targetHints":{"allow":["GET"]}}],"collection":[{"href":"https:\/\/ikriegos.com\/en\/wp-json\/wp\/v2\/product"}],"about":[{"href":"https:\/\/ikriegos.com\/en\/wp-json\/wp\/v2\/types\/product"}],"wp:featuredmedia":[{"embeddable":true,"href":"https:\/\/ikriegos.com\/en\/wp-json\/wp\/v2\/media\/7441"}],"wp:attachment":[{"href":"https:\/\/ikriegos.com\/en\/wp-json\/wp\/v2\/media?parent=7440"}],"wp:term":[{"taxonomy":"product_brand","embeddable":true,"href":"https:\/\/ikriegos.com\/en\/wp-json\/wp\/v2\/product_brand?post=7440"},{"taxonomy":"product_cat","embeddable":true,"href":"https:\/\/ikriegos.com\/en\/wp-json\/wp\/v2\/product_cat?post=7440"},{"taxonomy":"product_tag","embeddable":true,"href":"https:\/\/ikriegos.com\/en\/wp-json\/wp\/v2\/product_tag?post=7440"}],"curies":[{"name":"wp","href":"https:\/\/api.w.org\/{rel}","templated":true}]}}