{"id":7437,"date":"2026-02-10T11:06:25","date_gmt":"2026-02-10T11:06:25","guid":{"rendered":"https:\/\/nuevo.ikriegos.com\/?post_type=product&#038;p=7437"},"modified":"2026-02-10T11:27:53","modified_gmt":"2026-02-10T11:27:53","slug":"programador-k-rain-pro-ex2-0-220v-interior","status":"publish","type":"product","link":"https:\/\/ikriegos.com\/en\/tienda\/jardineria\/programadores\/programador-k-rain-pro-ex2-0-220v-interior\/","title":{"rendered":"Programador K-RAIN PRO EX2.0 220V Interior Wifi"},"content":{"rendered":"<p>Con el programador <strong>PRO EX 2.0<\/strong>, tome el control donde y cuando quiera. Este programador de riego modular con <strong>Wi-Fi<\/strong> de calidad profesional ofrece un rendimiento de alta calidad y la comodidad de acceder a \u00e9l desde un smartphone, una tableta o un navegador web. Sincron\u00edcelo de forma f\u00e1cil y segura con la red Wi-Fi de su hogar o negocio. Es la opci\u00f3n ideal.<\/p>\n","protected":false},"excerpt":{"rendered":"<p>Ref.: <strong>KPROEX20<\/strong><\/p>\n<p>El <strong>PRO EX 2.0<\/strong> es un programador de riego modular profesional con <strong>Wi-Fi<\/strong>, que permite gestionar el riego desde el m\u00f3vil, tablet o navegador web. Su dise\u00f1o ampliable hasta 28 estaciones lo hace ideal para jardines de cualquier tama\u00f1o. Puede funcionar como controlador Wi-Fi, convencional o remoto. Modelo para exteriores de 4 estaciones (110 V).<\/p>\n","protected":false},"featured_media":7438,"template":"","meta":[],"product_brand":[165],"product_cat":[96,104],"product_tag":[204,194,216,202,182,159],"class_list":{"0":"post-7437","1":"product","2":"type-product","3":"status-publish","4":"has-post-thumbnail","6":"product_brand-k-rain","7":"product_cat-jardineria","8":"product_cat-programadores","9":"product_tag-220v","10":"product_tag-24v","11":"product_tag-k-rain","12":"product_tag-lluvia","13":"product_tag-programador","14":"product_tag-wifi","16":"first","17":"instock","18":"taxable","19":"shipping-taxable","20":"purchasable","21":"product-type-simple"},"_links":{"self":[{"href":"https:\/\/ikriegos.com\/en\/wp-json\/wp\/v2\/product\/7437","targetHints":{"allow":["GET"]}}],"collection":[{"href":"https:\/\/ikriegos.com\/en\/wp-json\/wp\/v2\/product"}],"about":[{"href":"https:\/\/ikriegos.com\/en\/wp-json\/wp\/v2\/types\/product"}],"wp:featuredmedia":[{"embeddable":true,"href":"https:\/\/ikriegos.com\/en\/wp-json\/wp\/v2\/media\/7438"}],"wp:attachment":[{"href":"https:\/\/ikriegos.com\/en\/wp-json\/wp\/v2\/media?parent=7437"}],"wp:term":[{"taxonomy":"product_brand","embeddable":true,"href":"https:\/\/ikriegos.com\/en\/wp-json\/wp\/v2\/product_brand?post=7437"},{"taxonomy":"product_cat","embeddable":true,"href":"https:\/\/ikriegos.com\/en\/wp-json\/wp\/v2\/product_cat?post=7437"},{"taxonomy":"product_tag","embeddable":true,"href":"https:\/\/ikriegos.com\/en\/wp-json\/wp\/v2\/product_tag?post=7437"}],"curies":[{"name":"wp","href":"https:\/\/api.w.org\/{rel}","templated":true}]}}