{"id":7421,"date":"2026-02-10T08:04:16","date_gmt":"2026-02-10T08:04:16","guid":{"rendered":"https:\/\/nuevo.ikriegos.com\/?post_type=product&#038;p=7421"},"modified":"2026-02-24T16:50:36","modified_gmt":"2026-02-24T16:50:36","slug":"programador-kr-pro-lc-exterior","status":"publish","type":"product","link":"https:\/\/ikriegos.com\/en\/tienda\/jardineria\/programadores\/programador-kr-pro-lc-exterior\/","title":{"rendered":"Programador K-RAIN PRO-LC 220V Exterior Wifi"},"content":{"rendered":"<p>El programador <strong>PRO-LC<\/strong> esta disponible con configuraciones fijas de 4, 8 o 12 estaciones, estos controladores compactos ofrecen una variedad de funciones intuitivas, incluyendo una programaci\u00f3n f\u00e1cil de seguir; una pantalla completa con el programa que muestra el d\u00eda de riego, el n\u00famero de horas de inicio, el n\u00famero de estaciones y la programaci\u00f3n especial; una gran pantalla<strong> LCD<\/strong>; compatibilidad con sensores de lluvia\/heladas; ajuste estacional para el ahorro de agua; un localizador de v\u00e1lvulas enterrado para facilitar el mantenimiento y mucho m\u00e1s.<\/p>\n","protected":false},"excerpt":{"rendered":"<p>Ref.: <strong>PRO-LC<\/strong><\/p>\n<p>El controlador de riego <strong>PRO-LC<\/strong> esta repleto de funciones, f\u00e1cil de usar y ahora compatible con Wi-Fi. El m\u00f3dulo Wi-Fi BRIDGE opcional, que se vende por separado, permite controlarlo desde su tel\u00e9fono inteligente o tableta. El PRO-LC est\u00e1 dise\u00f1ado para aplicaciones residenciales y comerciales.<\/p>\n","protected":false},"featured_media":7425,"template":"","meta":[],"product_brand":[165],"product_cat":[96,104],"product_tag":[204,194,216,202,182,97,163,159],"class_list":{"0":"post-7421","1":"product","2":"type-product","3":"status-publish","4":"has-post-thumbnail","6":"product_brand-k-rain","7":"product_cat-jardineria","8":"product_cat-programadores","9":"product_tag-220v","10":"product_tag-24v","11":"product_tag-k-rain","12":"product_tag-lluvia","13":"product_tag-programador","14":"product_tag-sistema-de-riego","15":"product_tag-smart","16":"product_tag-wifi","18":"first","19":"instock","20":"taxable","21":"shipping-taxable","22":"purchasable","23":"product-type-variable"},"_links":{"self":[{"href":"https:\/\/ikriegos.com\/en\/wp-json\/wp\/v2\/product\/7421","targetHints":{"allow":["GET"]}}],"collection":[{"href":"https:\/\/ikriegos.com\/en\/wp-json\/wp\/v2\/product"}],"about":[{"href":"https:\/\/ikriegos.com\/en\/wp-json\/wp\/v2\/types\/product"}],"wp:featuredmedia":[{"embeddable":true,"href":"https:\/\/ikriegos.com\/en\/wp-json\/wp\/v2\/media\/7425"}],"wp:attachment":[{"href":"https:\/\/ikriegos.com\/en\/wp-json\/wp\/v2\/media?parent=7421"}],"wp:term":[{"taxonomy":"product_brand","embeddable":true,"href":"https:\/\/ikriegos.com\/en\/wp-json\/wp\/v2\/product_brand?post=7421"},{"taxonomy":"product_cat","embeddable":true,"href":"https:\/\/ikriegos.com\/en\/wp-json\/wp\/v2\/product_cat?post=7421"},{"taxonomy":"product_tag","embeddable":true,"href":"https:\/\/ikriegos.com\/en\/wp-json\/wp\/v2\/product_tag?post=7421"}],"curies":[{"name":"wp","href":"https:\/\/api.w.org\/{rel}","templated":true}]}}