{"id":7415,"date":"2026-02-05T11:42:26","date_gmt":"2026-02-05T11:42:26","guid":{"rendered":"https:\/\/nuevo.ikriegos.com\/?post_type=product&#038;p=7415"},"modified":"2026-02-24T09:04:12","modified_gmt":"2026-02-24T09:04:12","slug":"programador-grifo-bl-nr-9v-bluetooth","status":"publish","type":"product","link":"https:\/\/ikriegos.com\/en\/tienda\/jardineria\/programadores\/programador-grifo-bl-nr-9v-bluetooth\/","title":{"rendered":"Programador Grifo SOLEM BL-NR 9V Bluetooth"},"content":{"rendered":"<p>Programador de grifo bluetooth <strong>BL-NR<\/strong>, de 1 estaci\u00f3n, alimentaci\u00f3n con 1 pilas DE 9V (no inclu\u00eddas), <strong>Bluetooth<\/strong> 4.0, m\u00f3dulo de baja energ\u00eda, temperatura de funcionamiento de 5 a 60\u00baC, v\u00e1lvula solenoide de alta presi\u00f3n, <strong>conexi\u00f3n de 3\/4&#8243;<\/strong>, caudal max. de 2280 l\/h a 4 bar, presi\u00f3n recomendada de 0,5 a 6 bar, programaci\u00f3n mediante bluetooth, distancia \u00f3ptima de comunicaci\u00f3n 3-5 m, distancia m\u00e1xima de comunicaci\u00f3n 10 m, control a trav\u00e9s de la plataforma <strong>MySolem App<\/strong>, modo de programador y ciclo independientes, tiempos de riego de 6 a 24 horas, protecci\u00f3n de seguridad con contrase\u00f1a. Dimensiones 19,50 cm de ancho, 7 cm de alto y 21 cm de longitud. Fabricado en pl\u00e1stico y de <strong>color gris<\/strong>.<\/p>\n","protected":false},"excerpt":{"rendered":"<p>Ref.: <strong>BL-NR<\/strong><\/p>\n<p>El <strong>BL-NR<\/strong> es un programador de riego a pilas con Bluetooth que puede controlarse desde un smartphone mediante la aplicaci\u00f3n MySOLEM. Es una soluci\u00f3n inteligente y sencilla para regar el c\u00e9sped o el huerto, o nebulizar la terraza.<\/p>\n","protected":false},"featured_media":7416,"template":"","meta":[],"product_brand":[164],"product_cat":[96,104],"product_tag":[192,160,98,182,97,163,158],"class_list":{"0":"post-7415","1":"product","2":"type-product","3":"status-publish","4":"has-post-thumbnail","6":"product_brand-solem","7":"product_cat-jardineria","8":"product_cat-programadores","9":"product_tag-9v","10":"product_tag-bluetooth","11":"product_tag-inteligente","12":"product_tag-programador","13":"product_tag-sistema-de-riego","14":"product_tag-smart","15":"product_tag-solem","17":"first","18":"instock","19":"taxable","20":"shipping-taxable","21":"purchasable","22":"product-type-simple"},"_links":{"self":[{"href":"https:\/\/ikriegos.com\/en\/wp-json\/wp\/v2\/product\/7415","targetHints":{"allow":["GET"]}}],"collection":[{"href":"https:\/\/ikriegos.com\/en\/wp-json\/wp\/v2\/product"}],"about":[{"href":"https:\/\/ikriegos.com\/en\/wp-json\/wp\/v2\/types\/product"}],"wp:featuredmedia":[{"embeddable":true,"href":"https:\/\/ikriegos.com\/en\/wp-json\/wp\/v2\/media\/7416"}],"wp:attachment":[{"href":"https:\/\/ikriegos.com\/en\/wp-json\/wp\/v2\/media?parent=7415"}],"wp:term":[{"taxonomy":"product_brand","embeddable":true,"href":"https:\/\/ikriegos.com\/en\/wp-json\/wp\/v2\/product_brand?post=7415"},{"taxonomy":"product_cat","embeddable":true,"href":"https:\/\/ikriegos.com\/en\/wp-json\/wp\/v2\/product_cat?post=7415"},{"taxonomy":"product_tag","embeddable":true,"href":"https:\/\/ikriegos.com\/en\/wp-json\/wp\/v2\/product_tag?post=7415"}],"curies":[{"name":"wp","href":"https:\/\/api.w.org\/{rel}","templated":true}]}}