{"id":7407,"date":"2026-02-05T11:25:02","date_gmt":"2026-02-05T11:25:02","guid":{"rendered":"https:\/\/nuevo.ikriegos.com\/?post_type=product&#038;p=7407"},"modified":"2026-02-24T09:05:04","modified_gmt":"2026-02-24T09:05:04","slug":"programador-con-pantalla-woobee-9v-bluetooth","status":"publish","type":"product","link":"https:\/\/ikriegos.com\/en\/tienda\/jardineria\/programadores\/programador-con-pantalla-woobee-9v-bluetooth\/","title":{"rendered":"Programador con pantalla SOLEM WOOBEE 9V Bluetooth"},"content":{"rendered":"<p>Programador <strong>WOOBEE<\/strong>, a bater\u00eda con 1 pila <strong>9V<\/strong> o <strong>4 pilas 1,5V AAA<\/strong> (ambas opciones no incluidas), controlado v\u00eda <strong>Bluetooth<\/strong>, con pantalla <strong>LCD<\/strong> de 4,8&#215;6,2 cm, permite conexiones a v\u00e1lvula maestra, sensor de lluvia y <strong>control de caudal<\/strong>. Distancia al solenoide 30 m; dimensiones 10,5 cm de ancho, 4,5 cm de altura y 15,5 cm de profundidad; temperatura de trabajo de 0\u00baC a 50\u00baC. Fabricado en pl\u00e1stico y de <strong>color negro<\/strong>.<\/p>\n","protected":false},"excerpt":{"rendered":"<p>Ref.: <strong>WOOBE 1\/2\/4\/6<\/strong><\/p>\n<p>El <strong>WooBee<\/strong> es un programador de riego Bluetooth, impermeable y a pila, capaz de programar secuencialmente electrov\u00e1lvulas de 9 V. Adem\u00e1s, est\u00e1 dotado de una gran pantalla para facilitar su manejo. Su entrada de contador de agua le permite tomar medidas en caso de fugas, consumo excesivo o insuficiente de agua.<\/p>\n","protected":false},"featured_media":7412,"template":"","meta":[],"product_brand":[164],"product_cat":[96,104],"product_tag":[192,193,99,160,205,98,182,163,158],"class_list":{"0":"post-7407","1":"product","2":"type-product","3":"status-publish","4":"has-post-thumbnail","6":"product_brand-solem","7":"product_cat-jardineria","8":"product_cat-programadores","9":"product_tag-9v","10":"product_tag-ahorro-de-agua","11":"product_tag-autonomo","12":"product_tag-bluetooth","13":"product_tag-control-de-caudal","14":"product_tag-inteligente","15":"product_tag-programador","16":"product_tag-smart","17":"product_tag-solem","19":"first","20":"instock","21":"taxable","22":"shipping-taxable","23":"purchasable","24":"product-type-variable"},"_links":{"self":[{"href":"https:\/\/ikriegos.com\/en\/wp-json\/wp\/v2\/product\/7407","targetHints":{"allow":["GET"]}}],"collection":[{"href":"https:\/\/ikriegos.com\/en\/wp-json\/wp\/v2\/product"}],"about":[{"href":"https:\/\/ikriegos.com\/en\/wp-json\/wp\/v2\/types\/product"}],"wp:featuredmedia":[{"embeddable":true,"href":"https:\/\/ikriegos.com\/en\/wp-json\/wp\/v2\/media\/7412"}],"wp:attachment":[{"href":"https:\/\/ikriegos.com\/en\/wp-json\/wp\/v2\/media?parent=7407"}],"wp:term":[{"taxonomy":"product_brand","embeddable":true,"href":"https:\/\/ikriegos.com\/en\/wp-json\/wp\/v2\/product_brand?post=7407"},{"taxonomy":"product_cat","embeddable":true,"href":"https:\/\/ikriegos.com\/en\/wp-json\/wp\/v2\/product_cat?post=7407"},{"taxonomy":"product_tag","embeddable":true,"href":"https:\/\/ikriegos.com\/en\/wp-json\/wp\/v2\/product_tag?post=7407"}],"curies":[{"name":"wp","href":"https:\/\/api.w.org\/{rel}","templated":true}]}}