{"id":7399,"date":"2026-02-05T10:51:28","date_gmt":"2026-02-05T10:51:28","guid":{"rendered":"https:\/\/nuevo.ikriegos.com\/?post_type=product&#038;p=7399"},"modified":"2026-02-24T09:07:15","modified_gmt":"2026-02-24T09:07:15","slug":"programador-villa-24v-bluetooth","status":"publish","type":"product","link":"https:\/\/ikriegos.com\/en\/tienda\/sin-categoria\/programador-villa-24v-bluetooth\/","title":{"rendered":"Programador SOLEM VILLA 220V Bluetooth"},"content":{"rendered":"<p>Programador <strong>VILLA<\/strong>, de 24VAC, para sistema SOLEM CANOPY; alimentaci\u00f3n corriente el\u00e9ctrica <strong>24V<\/strong> (transformador externo 220\/24); consumo m\u00e1ximo 0,75A (18VA); control a trav\u00e9s de la plataforma <strong>MySolem<\/strong> o MySolem App o equivalentes; comunicaci\u00f3n wifi: <strong>Wi-Fi<\/strong> 802.11 b\/g, WPA2-PSK, WPA, WEP, comunicaci\u00f3n bluetooth: <strong>Bluetooth<\/strong> Smart 4.0 Low Energy; conexiones a caudal\u00edmetro, sensores, v\u00e1lvula maestra y solenoide 24V; ajuste porcentual autom\u00e1tico (opci\u00f3n water-budget); dimensiones 20,5 cm de ancho, 8,5 cm de altura y 24 cm de profundidad; temperatura de trabajo de 0\u00baC a 50\u00baC; Fabricado en pl\u00e1stico y de <strong>color negro<\/strong>.<\/p>\n","protected":false},"excerpt":{"rendered":"<p>Ref.: <strong>VILLA 4\/6\/9\/12<\/strong><\/p>\n<p><strong>VILLA<\/strong>\u00a0es un programador de riego Bluetooth, resistente al agua y alimentado por red el\u00e9ctrica, que se conecta directamente a una caja Wi-Fi. Dispone de una gran pantalla y botones de f\u00e1cil lectura. Puede programar secuencialmente electrov\u00e1lvulas de 24 V. Conectado a un contador de agua, permite controlar el consumo de agua y recibir alertas en tiempo real en caso de fugas por exceso o por defecto.<\/p>\n","protected":false},"featured_media":7260,"template":"","meta":[],"product_brand":[164],"product_cat":[122],"product_tag":[194,193,99,160,205,98,182,97,163,158,159],"class_list":{"0":"post-7399","1":"product","2":"type-product","3":"status-publish","4":"has-post-thumbnail","6":"product_brand-solem","7":"product_cat-agricultura","8":"product_tag-24v","9":"product_tag-ahorro-de-agua","10":"product_tag-autonomo","11":"product_tag-bluetooth","12":"product_tag-control-de-caudal","13":"product_tag-inteligente","14":"product_tag-programador","15":"product_tag-sistema-de-riego","16":"product_tag-smart","17":"product_tag-solem","18":"product_tag-wifi","20":"first","21":"instock","22":"taxable","23":"shipping-taxable","24":"purchasable","25":"product-type-variable"},"_links":{"self":[{"href":"https:\/\/ikriegos.com\/en\/wp-json\/wp\/v2\/product\/7399","targetHints":{"allow":["GET"]}}],"collection":[{"href":"https:\/\/ikriegos.com\/en\/wp-json\/wp\/v2\/product"}],"about":[{"href":"https:\/\/ikriegos.com\/en\/wp-json\/wp\/v2\/types\/product"}],"wp:featuredmedia":[{"embeddable":true,"href":"https:\/\/ikriegos.com\/en\/wp-json\/wp\/v2\/media\/7260"}],"wp:attachment":[{"href":"https:\/\/ikriegos.com\/en\/wp-json\/wp\/v2\/media?parent=7399"}],"wp:term":[{"taxonomy":"product_brand","embeddable":true,"href":"https:\/\/ikriegos.com\/en\/wp-json\/wp\/v2\/product_brand?post=7399"},{"taxonomy":"product_cat","embeddable":true,"href":"https:\/\/ikriegos.com\/en\/wp-json\/wp\/v2\/product_cat?post=7399"},{"taxonomy":"product_tag","embeddable":true,"href":"https:\/\/ikriegos.com\/en\/wp-json\/wp\/v2\/product_tag?post=7399"}],"curies":[{"name":"wp","href":"https:\/\/api.w.org\/{rel}","templated":true}]}}