{"id":7389,"date":"2026-02-05T09:24:03","date_gmt":"2026-02-05T09:24:03","guid":{"rendered":"https:\/\/nuevo.ikriegos.com\/?post_type=product&#038;p=7389"},"modified":"2026-02-24T09:10:08","modified_gmt":"2026-02-24T09:10:08","slug":"programador-smart-is-220v-wifi-bluetooth","status":"publish","type":"product","link":"https:\/\/ikriegos.com\/en\/tienda\/jardineria\/programadores\/programador-smart-is-220v-wifi-bluetooth\/","title":{"rendered":"Programador SOLEM SMART-IS 220V Wifi\/Bluetooth"},"content":{"rendered":"<p>Programador <strong>SMART-IS<\/strong>, de 24VAC, para sistema SOLEM CANOPY; alimentaci\u00f3n corriente el\u00e9ctrica <strong>24V<\/strong> (transformador externo 220\/24); consumo m\u00e1ximo 0,75A (18VA); control a trav\u00e9s de la plataforma <strong>MySolem<\/strong> o MySolem App; comunicaci\u00f3n wifi: <strong>Wi-Fi<\/strong> 802.11 b\/g, WPA2-PSK, WPA, WEP, comunicaci\u00f3n bluetooth: <strong>Bluetooth<\/strong> Smart 4.0 Low Energy; conexiones a caudal\u00edmetro, sensores, v\u00e1lvula maestra y solenoide 24V; ajuste porcentual autom\u00e1tico (opci\u00f3n water-budget); dimensiones 11-16 cm de longitud, 14,5 cm de altura y 3,6 cm de profundidad; temperatura de trabajo de 0\u00baC a 50\u00baC; Fabricado en pl\u00e1stico y de <strong>color negro<\/strong>.<\/p>\n","protected":false},"excerpt":{"rendered":"<p>Ref.:<strong> SMARTIS 2\/4\/6\/9\/12<\/strong><\/p>\n<p>El <strong>SMART-IS<\/strong> es un programador de riego interior Bluetooth alimentado por red el\u00e9ctrica que se conecta directamente a un m\u00f3dem Wi-Fi. Puede programar secuencialmente electrov\u00e1lvulas de 24 V. Conectado a un contador de agua, permite controlar el consumo de agua y recibir alertas en tiempo real en caso de fugas por exceso o por defecto.<\/p>\n","protected":false},"featured_media":7253,"template":"","meta":[],"product_brand":[164],"product_cat":[96,104],"product_tag":[193,99,160,98,182,158,159],"class_list":{"0":"post-7389","1":"product","2":"type-product","3":"status-publish","4":"has-post-thumbnail","6":"product_brand-solem","7":"product_cat-jardineria","8":"product_cat-programadores","9":"product_tag-ahorro-de-agua","10":"product_tag-autonomo","11":"product_tag-bluetooth","12":"product_tag-inteligente","13":"product_tag-programador","14":"product_tag-solem","15":"product_tag-wifi","17":"first","18":"instock","19":"taxable","20":"shipping-taxable","21":"purchasable","22":"product-type-variable"},"_links":{"self":[{"href":"https:\/\/ikriegos.com\/en\/wp-json\/wp\/v2\/product\/7389","targetHints":{"allow":["GET"]}}],"collection":[{"href":"https:\/\/ikriegos.com\/en\/wp-json\/wp\/v2\/product"}],"about":[{"href":"https:\/\/ikriegos.com\/en\/wp-json\/wp\/v2\/types\/product"}],"wp:featuredmedia":[{"embeddable":true,"href":"https:\/\/ikriegos.com\/en\/wp-json\/wp\/v2\/media\/7253"}],"wp:attachment":[{"href":"https:\/\/ikriegos.com\/en\/wp-json\/wp\/v2\/media?parent=7389"}],"wp:term":[{"taxonomy":"product_brand","embeddable":true,"href":"https:\/\/ikriegos.com\/en\/wp-json\/wp\/v2\/product_brand?post=7389"},{"taxonomy":"product_cat","embeddable":true,"href":"https:\/\/ikriegos.com\/en\/wp-json\/wp\/v2\/product_cat?post=7389"},{"taxonomy":"product_tag","embeddable":true,"href":"https:\/\/ikriegos.com\/en\/wp-json\/wp\/v2\/product_tag?post=7389"}],"curies":[{"name":"wp","href":"https:\/\/api.w.org\/{rel}","templated":true}]}}