{"id":7378,"date":"2026-02-05T08:01:54","date_gmt":"2026-02-05T08:01:54","guid":{"rendered":"https:\/\/nuevo.ikriegos.com\/?post_type=product&#038;p=7378"},"modified":"2026-02-24T09:15:08","modified_gmt":"2026-02-24T09:15:08","slug":"programador-bl-is-24v-bluetooth","status":"publish","type":"product","link":"https:\/\/ikriegos.com\/en\/tienda\/jardineria\/programadores\/programador-bl-is-24v-bluetooth\/","title":{"rendered":"Programador SOLEM BL-IS 220V Bluetooth"},"content":{"rendered":"<p>Programador <strong>BL-IS<\/strong>, alimentaci\u00f3n corriente el\u00e9ctrica<strong> 24V<\/strong> (transformador externo 220\/24); consumo m\u00e1ximo 0,75A (18VA), controlado v\u00eda <strong>Bluetooth<\/strong>, IP68, permite conexiones a v\u00e1lvula maestra y sensor de lluvia. Dimensiones 10,50 cm de ancho, 3 cm de altura y 14,50 cm de profundidad; temperatura de trabajo de 0\u00baC a 50\u00baC. Fabricado en pl\u00e1stico y de <strong>color gris<\/strong>.<\/p>\n","protected":false},"excerpt":{"rendered":"<p>Ref.: <strong>BL-IS<\/strong><\/p>\n<p>El <strong>BL-IS<\/strong> es un programador de riego Bluetooth para interiores que funciona a trav\u00e9s de la red el\u00e9ctrica y es capaz de programar secuencialmente electrov\u00e1lvulas de 24 V. Es ideal para las instalaciones ubicadas en un local.<\/p>\n","protected":false},"featured_media":7383,"template":"","meta":[],"product_brand":[164],"product_cat":[96,104],"product_tag":[204,194,193,99,160,182,97,163,158],"class_list":{"0":"post-7378","1":"product","2":"type-product","3":"status-publish","4":"has-post-thumbnail","6":"product_brand-solem","7":"product_cat-jardineria","8":"product_cat-programadores","9":"product_tag-220v","10":"product_tag-24v","11":"product_tag-ahorro-de-agua","12":"product_tag-autonomo","13":"product_tag-bluetooth","14":"product_tag-programador","15":"product_tag-sistema-de-riego","16":"product_tag-smart","17":"product_tag-solem","19":"first","20":"instock","21":"taxable","22":"shipping-taxable","23":"purchasable","24":"product-type-variable"},"_links":{"self":[{"href":"https:\/\/ikriegos.com\/en\/wp-json\/wp\/v2\/product\/7378","targetHints":{"allow":["GET"]}}],"collection":[{"href":"https:\/\/ikriegos.com\/en\/wp-json\/wp\/v2\/product"}],"about":[{"href":"https:\/\/ikriegos.com\/en\/wp-json\/wp\/v2\/types\/product"}],"wp:featuredmedia":[{"embeddable":true,"href":"https:\/\/ikriegos.com\/en\/wp-json\/wp\/v2\/media\/7383"}],"wp:attachment":[{"href":"https:\/\/ikriegos.com\/en\/wp-json\/wp\/v2\/media?parent=7378"}],"wp:term":[{"taxonomy":"product_brand","embeddable":true,"href":"https:\/\/ikriegos.com\/en\/wp-json\/wp\/v2\/product_brand?post=7378"},{"taxonomy":"product_cat","embeddable":true,"href":"https:\/\/ikriegos.com\/en\/wp-json\/wp\/v2\/product_cat?post=7378"},{"taxonomy":"product_tag","embeddable":true,"href":"https:\/\/ikriegos.com\/en\/wp-json\/wp\/v2\/product_tag?post=7378"}],"curies":[{"name":"wp","href":"https:\/\/api.w.org\/{rel}","templated":true}]}}