{"id":7355,"date":"2026-02-03T15:53:40","date_gmt":"2026-02-03T15:53:40","guid":{"rendered":"https:\/\/nuevo.ikriegos.com\/?post_type=product&#038;p=7355"},"modified":"2026-02-23T15:15:07","modified_gmt":"2026-02-23T15:15:07","slug":"electrovalvula-k-rain-1-9v","status":"publish","type":"product","link":"https:\/\/ikriegos.com\/en\/tienda\/jardineria\/electrovalvulas\/electrovalvula-k-rain-1-9v\/","title":{"rendered":"Electrov\u00e1lvula K-RAIN PRO SERIE 150 1&#8243;"},"content":{"rendered":"","protected":false},"excerpt":{"rendered":"<p>Ref.:\u00a0<strong>710009<\/strong><\/p>\n<p>V\u00e1lvulas el\u00e9ctricas ProSeries 150 K-Rain, de 1\u201d, con purga manual, control de caudal y dise\u00f1o Jar-Top para un mantenimiento r\u00e1pido. Resistentes, vers\u00e1tiles y pensadas para facilitar la instalaci\u00f3n y el trabajo en campo.<\/p>\n","protected":false},"featured_media":7357,"template":"","meta":[],"product_brand":[165],"product_cat":[106,96],"product_tag":[194,192,215,216],"class_list":{"0":"post-7355","1":"product","2":"type-product","3":"status-publish","4":"has-post-thumbnail","6":"product_brand-k-rain","7":"product_cat-electrovalvulas","8":"product_cat-jardineria","9":"product_tag-24v","10":"product_tag-9v","11":"product_tag-electrovalvula","12":"product_tag-k-rain","14":"first","15":"instock","16":"taxable","17":"shipping-taxable","18":"purchasable","19":"product-type-variable"},"_links":{"self":[{"href":"https:\/\/ikriegos.com\/en\/wp-json\/wp\/v2\/product\/7355","targetHints":{"allow":["GET"]}}],"collection":[{"href":"https:\/\/ikriegos.com\/en\/wp-json\/wp\/v2\/product"}],"about":[{"href":"https:\/\/ikriegos.com\/en\/wp-json\/wp\/v2\/types\/product"}],"wp:featuredmedia":[{"embeddable":true,"href":"https:\/\/ikriegos.com\/en\/wp-json\/wp\/v2\/media\/7357"}],"wp:attachment":[{"href":"https:\/\/ikriegos.com\/en\/wp-json\/wp\/v2\/media?parent=7355"}],"wp:term":[{"taxonomy":"product_brand","embeddable":true,"href":"https:\/\/ikriegos.com\/en\/wp-json\/wp\/v2\/product_brand?post=7355"},{"taxonomy":"product_cat","embeddable":true,"href":"https:\/\/ikriegos.com\/en\/wp-json\/wp\/v2\/product_cat?post=7355"},{"taxonomy":"product_tag","embeddable":true,"href":"https:\/\/ikriegos.com\/en\/wp-json\/wp\/v2\/product_tag?post=7355"}],"curies":[{"name":"wp","href":"https:\/\/api.w.org\/{rel}","templated":true}]}}