{"id":7344,"date":"2026-02-02T16:54:26","date_gmt":"2026-02-02T16:54:26","guid":{"rendered":"https:\/\/nuevo.ikriegos.com\/?post_type=product&#038;p=7344"},"modified":"2026-02-10T11:33:37","modified_gmt":"2026-02-10T11:33:37","slug":"sonda-de-temperatura-sondtemp-pt100","status":"publish","type":"product","link":"https:\/\/ikriegos.com\/en\/tienda\/jardineria\/sensores\/sonda-de-temperatura-sondtemp-pt100\/","title":{"rendered":"Sonda de Temperatura SOLEM SONDTEMP PT100"},"content":{"rendered":"<p>Sensor de temperatura <strong>SONDTEMP<\/strong>, tambi\u00e9n llamado RTD (detector de temperatura de resistencia). Tiene una resistencia de 100 ohmios a 0 \u00b0 C. Equipados con una funda protectora o montaje para formar una sonda de temperatura, y estos se conocen com\u00fanmente como PRT (term\u00f3metro de resistencia de platino). Di\u00e1metro \u00d8 6 mm Longitud 100 mm. Longitud del cable 3 mtrs. Compatible con lectores de sondas LRMS1, LRMS4 Y LRMSECO1 Y LRMSECO4<\/p>\n","protected":false},"excerpt":{"rendered":"<p>Ref.: <strong>SOND-TEMP<\/strong><\/p>\n<p>Sensor de temperatura <strong data-start=\"76\" data-end=\"88\">SONDTEMP <\/strong>tipo RTD Pt100 (100 \u03a9 a 0 \u00b0C), en formato sonda robusta, ideal para mediciones precisas y compatible con lectores LRMS y LRMSECO.<\/p>\n","protected":false},"featured_media":7256,"template":"","meta":[],"product_brand":[164],"product_cat":[96,105],"product_tag":[192,193,98,182,191,163,158,198],"class_list":{"0":"post-7344","1":"product","2":"type-product","3":"status-publish","4":"has-post-thumbnail","6":"product_brand-solem","7":"product_cat-jardineria","8":"product_cat-sensores","9":"product_tag-9v","10":"product_tag-ahorro-de-agua","11":"product_tag-inteligente","12":"product_tag-programador","13":"product_tag-sensores","14":"product_tag-smart","15":"product_tag-solem","16":"product_tag-temperatura","18":"first","19":"instock","20":"taxable","21":"shipping-taxable","22":"purchasable","23":"product-type-simple"},"_links":{"self":[{"href":"https:\/\/ikriegos.com\/en\/wp-json\/wp\/v2\/product\/7344","targetHints":{"allow":["GET"]}}],"collection":[{"href":"https:\/\/ikriegos.com\/en\/wp-json\/wp\/v2\/product"}],"about":[{"href":"https:\/\/ikriegos.com\/en\/wp-json\/wp\/v2\/types\/product"}],"wp:featuredmedia":[{"embeddable":true,"href":"https:\/\/ikriegos.com\/en\/wp-json\/wp\/v2\/media\/7256"}],"wp:attachment":[{"href":"https:\/\/ikriegos.com\/en\/wp-json\/wp\/v2\/media?parent=7344"}],"wp:term":[{"taxonomy":"product_brand","embeddable":true,"href":"https:\/\/ikriegos.com\/en\/wp-json\/wp\/v2\/product_brand?post=7344"},{"taxonomy":"product_cat","embeddable":true,"href":"https:\/\/ikriegos.com\/en\/wp-json\/wp\/v2\/product_cat?post=7344"},{"taxonomy":"product_tag","embeddable":true,"href":"https:\/\/ikriegos.com\/en\/wp-json\/wp\/v2\/product_tag?post=7344"}],"curies":[{"name":"wp","href":"https:\/\/api.w.org\/{rel}","templated":true}]}}