{"id":7342,"date":"2026-02-02T16:40:28","date_gmt":"2026-02-02T16:40:28","guid":{"rendered":"https:\/\/nuevo.ikriegos.com\/?post_type=product&#038;p=7342"},"modified":"2026-02-10T11:32:56","modified_gmt":"2026-02-10T11:32:56","slug":"pluviometro-sondplivio","status":"publish","type":"product","link":"https:\/\/ikriegos.com\/en\/tienda\/jardineria\/sensores\/pluviometro-sondplivio\/","title":{"rendered":"Pluviometro SOLEM SONDPLIVIO"},"content":{"rendered":"<p>Pluvi\u00f3metro<strong> SONDPLUVIO<\/strong>, de forma redondeada es compacto y tiene un lugar de montaje para soporte de pl\u00e1stico. Equipado con un cable de unos 75 cm. Despu\u00e9s de cada llenado, el cubo se vac\u00eda autom\u00e1ticamente para que pueda estar listo para llenarse nuevamente. El cubo se llena hasta aproximadamente (0,4 mm) y hace que un interruptor se cierre temporalmente. Una vez cableado y agregado al LR-MS, el valor de la lluvia se puede informar regularmente mediante un gateway LR-MB o LR-BST o una estaci\u00f3n de riego en la aplicaci\u00f3n o la plataforma MySOLEM. Dimensiones: 13,5 cm x 6 cm x 8 cm. Longitud del cable 75 cm. Compatible con lectores de sondas LRMS1, LRMS4 Y LRMSECO1 Y LRMSECO4.<\/p>\n","protected":false},"excerpt":{"rendered":"<p>Ref.: <strong>SOND-PLUVIO-01<\/strong><\/p>\n<p>Pluvi\u00f3metro <strong data-start=\"71\" data-end=\"85\">SONDPLUVIO <\/strong>compacto de cubeta basculante, con vaciado autom\u00e1tico cada 0,4 mm de lluvia, salida por interruptor y f\u00e1cil integraci\u00f3n con sistemas LR-MS. Permite el monitoreo de precipitaciones en tiempo real mediante la plataforma MySOLEM.<\/p>\n","protected":false},"featured_media":7247,"template":"","meta":[],"product_brand":[164],"product_cat":[96,105],"product_tag":[192,193,98,202,196,182,191,163,158],"class_list":{"0":"post-7342","1":"product","2":"type-product","3":"status-publish","4":"has-post-thumbnail","6":"product_brand-solem","7":"product_cat-jardineria","8":"product_cat-sensores","9":"product_tag-9v","10":"product_tag-ahorro-de-agua","11":"product_tag-inteligente","12":"product_tag-lluvia","13":"product_tag-pluviometro","14":"product_tag-programador","15":"product_tag-sensores","16":"product_tag-smart","17":"product_tag-solem","19":"first","20":"instock","21":"taxable","22":"shipping-taxable","23":"purchasable","24":"product-type-simple"},"_links":{"self":[{"href":"https:\/\/ikriegos.com\/en\/wp-json\/wp\/v2\/product\/7342","targetHints":{"allow":["GET"]}}],"collection":[{"href":"https:\/\/ikriegos.com\/en\/wp-json\/wp\/v2\/product"}],"about":[{"href":"https:\/\/ikriegos.com\/en\/wp-json\/wp\/v2\/types\/product"}],"wp:featuredmedia":[{"embeddable":true,"href":"https:\/\/ikriegos.com\/en\/wp-json\/wp\/v2\/media\/7247"}],"wp:attachment":[{"href":"https:\/\/ikriegos.com\/en\/wp-json\/wp\/v2\/media?parent=7342"}],"wp:term":[{"taxonomy":"product_brand","embeddable":true,"href":"https:\/\/ikriegos.com\/en\/wp-json\/wp\/v2\/product_brand?post=7342"},{"taxonomy":"product_cat","embeddable":true,"href":"https:\/\/ikriegos.com\/en\/wp-json\/wp\/v2\/product_cat?post=7342"},{"taxonomy":"product_tag","embeddable":true,"href":"https:\/\/ikriegos.com\/en\/wp-json\/wp\/v2\/product_tag?post=7342"}],"curies":[{"name":"wp","href":"https:\/\/api.w.org\/{rel}","templated":true}]}}