{"id":7338,"date":"2026-02-02T16:26:29","date_gmt":"2026-02-02T16:26:29","guid":{"rendered":"https:\/\/nuevo.ikriegos.com\/?post_type=product&#038;p=7338"},"modified":"2026-02-10T11:33:05","modified_gmt":"2026-02-10T11:33:05","slug":"sensor-de-humedad-de-suelo-sondhumid-vh400","status":"publish","type":"product","link":"https:\/\/ikriegos.com\/en\/tienda\/jardineria\/sensores\/sensor-de-humedad-de-suelo-sondhumid-vh400\/","title":{"rendered":"Sensor de Humedad de Suelo SOLEM SONDHUMID VH400"},"content":{"rendered":"<p>Sensor de humedad del suelo <strong>SONDHUMID<\/strong>, mide el contenido de agua volum\u00e9trica (VWC) o gravim\u00e9trica (GWC). El voltaje de salida es proporcional al nivel de humedad. Consume menos de 13mA para un funcionamiento con muy bajo consumo. No basado en la conductividad. La sonda no se corroe con el tiempo.<br \/>\nDise\u00f1o robusto para uso a largo plazo. Tiempo de respuesta r\u00e1pido. Amplio rango de tensi\u00f3n de alimentaci\u00f3n. Puede ser enterrado.<br \/>\nImpermeable. La sonda es larga y delgada para un uso m\u00e1s amplio. Dimensiones: largo 93,76 mm y ancho 7,09 mm. Longitud del cable 2 mtrs. (extensible hasta 10 mtrs.). Compatible con lectores de sondas LRMS1, LRMS4 Y LRMSECO1 Y LRMSECO4.<\/p>\n","protected":false},"excerpt":{"rendered":"<p>Ref.: <strong>SOND-HUMID<\/strong><\/p>\n<p>Sensor de humedad de suelo <strong data-start=\"84\" data-end=\"97\">SONDHUMID <\/strong>para medici\u00f3n VWC o GWC, con salida de voltaje proporcional, bajo consumo (&lt;13 mA), dise\u00f1o impermeable y resistente a la corrosi\u00f3n, apto para enterrado y compatible con lectores LRMS y LRMSECO.<\/p>\n","protected":false},"featured_media":7341,"template":"","meta":[],"product_brand":[164],"product_cat":[96,105],"product_tag":[192,193,195,98,182,191,163,158],"class_list":{"0":"post-7338","1":"product","2":"type-product","3":"status-publish","4":"has-post-thumbnail","6":"product_brand-solem","7":"product_cat-jardineria","8":"product_cat-sensores","9":"product_tag-9v","10":"product_tag-ahorro-de-agua","11":"product_tag-humedad","12":"product_tag-inteligente","13":"product_tag-programador","14":"product_tag-sensores","15":"product_tag-smart","16":"product_tag-solem","18":"first","19":"instock","20":"taxable","21":"shipping-taxable","22":"purchasable","23":"product-type-simple"},"_links":{"self":[{"href":"https:\/\/ikriegos.com\/en\/wp-json\/wp\/v2\/product\/7338","targetHints":{"allow":["GET"]}}],"collection":[{"href":"https:\/\/ikriegos.com\/en\/wp-json\/wp\/v2\/product"}],"about":[{"href":"https:\/\/ikriegos.com\/en\/wp-json\/wp\/v2\/types\/product"}],"wp:featuredmedia":[{"embeddable":true,"href":"https:\/\/ikriegos.com\/en\/wp-json\/wp\/v2\/media\/7341"}],"wp:attachment":[{"href":"https:\/\/ikriegos.com\/en\/wp-json\/wp\/v2\/media?parent=7338"}],"wp:term":[{"taxonomy":"product_brand","embeddable":true,"href":"https:\/\/ikriegos.com\/en\/wp-json\/wp\/v2\/product_brand?post=7338"},{"taxonomy":"product_cat","embeddable":true,"href":"https:\/\/ikriegos.com\/en\/wp-json\/wp\/v2\/product_cat?post=7338"},{"taxonomy":"product_tag","embeddable":true,"href":"https:\/\/ikriegos.com\/en\/wp-json\/wp\/v2\/product_tag?post=7338"}],"curies":[{"name":"wp","href":"https:\/\/api.w.org\/{rel}","templated":true}]}}