{"id":7331,"date":"2026-02-02T16:08:07","date_gmt":"2026-02-02T16:08:07","guid":{"rendered":"https:\/\/nuevo.ikriegos.com\/?post_type=product&#038;p=7331"},"modified":"2026-02-10T11:33:18","modified_gmt":"2026-02-10T11:33:18","slug":"pluviometro-davis-sdavis","status":"publish","type":"product","link":"https:\/\/ikriegos.com\/en\/tienda\/jardineria\/sensores\/pluviometro-davis-sdavis\/","title":{"rendered":"Pluvi\u00f3metro Davis SOLEM SOND-PLUVIO-03"},"content":{"rendered":"<p>El colector de lluvia<strong> SDAVIS<\/strong> est\u00e1 dise\u00f1ado para cumplir con las directrices de la Organizaci\u00f3n Meteorol\u00f3gica Mundial (OMM). La precipitaci\u00f3n entra por el cono del colector, pasa a trav\u00e9s de una rejilla que filtra los residuos y se acumula en la cuchara basculante.<br \/>\nLa cuchara se inclina cuando ha recogido una cantidad de agua equivalente al incremento de medida del colector (0,01&#8243; o 0,2 mm). Al producirse la inclinaci\u00f3n, se cierra un interruptor que registra el evento. Posteriormente, el agua de lluvia se drena a trav\u00e9s de los desag\u00fces con rejilla situados en la base del colector.<br \/>\nEl colector est\u00e1 dise\u00f1ado para proporcionar un servicio preciso y fiable durante largos periodos de tiempo. Su forma aerodin\u00e1mica minimiza la p\u00e9rdida de captaci\u00f3n de lluvia provocada por vientos fuertes. Tanto el cuerpo como la base del colector est\u00e1n fabricados en pl\u00e1stico de alta resistencia y protegido contra la radiaci\u00f3n ultravioleta (UV).<br \/>\nEl colector de lluvia modelo 6466 se suministra con una base de montaje que puede fijarse a un poste o pilar, mientras que el modelo 6464 dispone de un montaje para superficie plana. Los modelos 6466M y 6464M est\u00e1n calibrados de f\u00e1brica para indicar 0,2 mm por cada inclinaci\u00f3n de la cuchara.<\/p>\n","protected":false},"excerpt":{"rendered":"<p>Ref.: <strong>SOND-PLUVIO-03<\/strong><\/p>\n<p>Colector de lluvia <strong>SDAVIS<\/strong> de alta precisi\u00f3n, conforme a las directrices OMM. Sistema de cuchara basculante 0,2 mm, dise\u00f1o aerodin\u00e1mico y construcci\u00f3n resistente para uso profesional continuo.<\/p>\n","protected":false},"featured_media":7248,"template":"","meta":[],"product_brand":[164],"product_cat":[96,105],"product_tag":[192,193,98,202,196,182,191,163],"class_list":{"0":"post-7331","1":"product","2":"type-product","3":"status-publish","4":"has-post-thumbnail","6":"product_brand-solem","7":"product_cat-jardineria","8":"product_cat-sensores","9":"product_tag-9v","10":"product_tag-ahorro-de-agua","11":"product_tag-inteligente","12":"product_tag-lluvia","13":"product_tag-pluviometro","14":"product_tag-programador","15":"product_tag-sensores","16":"product_tag-smart","18":"first","19":"instock","20":"taxable","21":"shipping-taxable","22":"purchasable","23":"product-type-simple"},"_links":{"self":[{"href":"https:\/\/ikriegos.com\/en\/wp-json\/wp\/v2\/product\/7331","targetHints":{"allow":["GET"]}}],"collection":[{"href":"https:\/\/ikriegos.com\/en\/wp-json\/wp\/v2\/product"}],"about":[{"href":"https:\/\/ikriegos.com\/en\/wp-json\/wp\/v2\/types\/product"}],"wp:featuredmedia":[{"embeddable":true,"href":"https:\/\/ikriegos.com\/en\/wp-json\/wp\/v2\/media\/7248"}],"wp:attachment":[{"href":"https:\/\/ikriegos.com\/en\/wp-json\/wp\/v2\/media?parent=7331"}],"wp:term":[{"taxonomy":"product_brand","embeddable":true,"href":"https:\/\/ikriegos.com\/en\/wp-json\/wp\/v2\/product_brand?post=7331"},{"taxonomy":"product_cat","embeddable":true,"href":"https:\/\/ikriegos.com\/en\/wp-json\/wp\/v2\/product_cat?post=7331"},{"taxonomy":"product_tag","embeddable":true,"href":"https:\/\/ikriegos.com\/en\/wp-json\/wp\/v2\/product_tag?post=7331"}],"curies":[{"name":"wp","href":"https:\/\/api.w.org\/{rel}","templated":true}]}}