{"id":7320,"date":"2026-01-28T09:38:54","date_gmt":"2026-01-28T09:38:54","guid":{"rendered":"https:\/\/nuevo.ikriegos.com\/?post_type=product&#038;p=7320"},"modified":"2026-02-24T09:30:30","modified_gmt":"2026-02-24T09:30:30","slug":"programadores-de-interior-lora-220v","status":"publish","type":"product","link":"https:\/\/ikriegos.com\/en\/tienda\/jardineria\/programadores\/programadores-de-interior-lora-220v\/","title":{"rendered":"Programadores SOLEM LR-IS 220V Interior"},"content":{"rendered":"<p>Programadores <strong>LR-IS<\/strong> de <strong>2, 4, 6,9 y 12 estaciones<\/strong> de 24 VAC para sistema <strong>Solem Canopy<\/strong>; alimentaci\u00f3n por corriente el\u00e9ctrica <strong>24V<\/strong> (transformador externo 220\/24); consumo m\u00e1ximo 0,75 A (18 VA); control a trav\u00e9s de la plataforma<strong> MySolem<\/strong> o MySolem App; comunicaci\u00f3n Bluetooth y LoRA; salidas a caudal\u00edmetro, sensores, v\u00e1lvula maestra y solenoide 24VAC; incluida colocaci\u00f3n y limpieza, medida la unidad instalada en obra. Dimensiones: 11 &#8211; 16 cm, altura: 14,5 cm y profundidad: 3,6 &#8211; 4,2 cm. Fabricado en pl\u00e1stico y de <strong>color negro<\/strong>.<\/p>\n","protected":false},"excerpt":{"rendered":"<p>Ref.: <strong>LRIS 2\/4\/6\/9\/12<\/strong><\/p>\n<p>El <strong>LR-IS<\/strong> es un programador de riego <strong>Bluetooth y LoRa<\/strong>\u00a0alimentado por corriente capaz de programar secuencialmente electrov\u00e1lvulas de<strong> 24 V<\/strong>. Es ideal para instalaciones en interiores. Es ideal para las instalaciones ubicadas en un local. Combinado con una pasarela Wi-Fi o 4G, puede controlarse a distancia desde cualquier lugar.<\/p>\n","protected":false},"featured_media":7236,"template":"","meta":[],"product_brand":[164],"product_cat":[96,104],"product_tag":[194,162,99,98,161,182,158,159],"class_list":{"0":"post-7320","1":"product","2":"type-product","3":"status-publish","4":"has-post-thumbnail","6":"product_brand-solem","7":"product_cat-jardineria","8":"product_cat-programadores","9":"product_tag-24v","10":"product_tag-4g","11":"product_tag-autonomo","12":"product_tag-inteligente","13":"product_tag-lora","14":"product_tag-programador","15":"product_tag-solem","16":"product_tag-wifi","18":"first","19":"instock","20":"taxable","21":"shipping-taxable","22":"purchasable","23":"product-type-variable"},"_links":{"self":[{"href":"https:\/\/ikriegos.com\/en\/wp-json\/wp\/v2\/product\/7320","targetHints":{"allow":["GET"]}}],"collection":[{"href":"https:\/\/ikriegos.com\/en\/wp-json\/wp\/v2\/product"}],"about":[{"href":"https:\/\/ikriegos.com\/en\/wp-json\/wp\/v2\/types\/product"}],"wp:featuredmedia":[{"embeddable":true,"href":"https:\/\/ikriegos.com\/en\/wp-json\/wp\/v2\/media\/7236"}],"wp:attachment":[{"href":"https:\/\/ikriegos.com\/en\/wp-json\/wp\/v2\/media?parent=7320"}],"wp:term":[{"taxonomy":"product_brand","embeddable":true,"href":"https:\/\/ikriegos.com\/en\/wp-json\/wp\/v2\/product_brand?post=7320"},{"taxonomy":"product_cat","embeddable":true,"href":"https:\/\/ikriegos.com\/en\/wp-json\/wp\/v2\/product_cat?post=7320"},{"taxonomy":"product_tag","embeddable":true,"href":"https:\/\/ikriegos.com\/en\/wp-json\/wp\/v2\/product_tag?post=7320"}],"curies":[{"name":"wp","href":"https:\/\/api.w.org\/{rel}","templated":true}]}}