{"id":7314,"date":"2026-01-28T07:16:54","date_gmt":"2026-01-28T07:16:54","guid":{"rendered":"https:\/\/nuevo.ikriegos.com\/?post_type=product&#038;p=7314"},"modified":"2026-02-26T10:54:34","modified_gmt":"2026-02-26T10:54:34","slug":"modulos-de-entrada-de-sensores","status":"publish","type":"product","link":"https:\/\/ikriegos.com\/en\/tienda\/jardineria\/programadores\/modulos-de-entrada-de-sensores\/","title":{"rendered":"M\u00f3dulos SOLEM LR-MS 9V Entrada de Sensores"},"content":{"rendered":"<p>Lector de sensores <strong>LR-MS<\/strong>, para sistema <strong>Solem Canopy<\/strong>; 1 o 4 entradas del sensor: 1 entrada para temperatura y 3 para otros sensores como anem\u00f3metros, caudal\u00edmetros, sensores de humedad&#8230;; distancia m\u00e1xima al sensor 30 m; distancia m\u00e1x. al rel\u00e9 o estaci\u00f3n base 800 m; compatible con sensor de caudal de impulsos (m\u00e1x. 10 Hz); programaci\u00f3n a trav\u00e9s de la plataforma <strong>MySolem<\/strong> o MySolem App o equivalentes; comunicaci\u00f3n <strong>Bluetooth o LoRa<\/strong>; alimentaci\u00f3n por bater\u00eda de <strong>9V<\/strong> est\u00e1ndar; estanqueidad IP68; dimensiones 14 cm de longitud, 5,5 cm de altura y 9 cm de profundidad; temperatura de trabajo de 0\u00baC a 50\u00baC. Fabricado en pl\u00e1stico y de <strong>color negro.<\/strong><\/p>\n","protected":false},"excerpt":{"rendered":"<p>Ref.: LRMS1 | LRMS4<\/p>\n<p>El <strong>LR-MS<\/strong> es un m\u00f3dulo de entradas de sondas, alimentado por una pila de <strong>9v<\/strong> y resistente al agua. Este m\u00f3dulo puede conectar una amplia gama de sensores: <strong>sondas<\/strong> meteorol\u00f3gicas (<strong>lluvia, humedad del aire, anemometr\u00eda y temperatura<\/strong>), <strong>contadores de agua, sondas de humedad del suelo, tensi\u00f3metros, sondas de nivel y muchos otros<\/strong>. Combinado con una pasarela Wi-Fi o 4G, podr\u00e1 acceder a sus datos est\u00e9 donde est\u00e9. Desde la plataforma <strong>MySOLEM<\/strong>.com, puede ver y recuperar sus datos e incluso automatizar el riego en funci\u00f3n de los umbrales que establezca para cada sensor.<\/p>\n","protected":false},"featured_media":7238,"template":"","meta":[],"product_brand":[164],"product_cat":[96,104,105],"product_tag":[162,192,99,160,161,182,97,158,159],"class_list":{"0":"post-7314","1":"product","2":"type-product","3":"status-publish","4":"has-post-thumbnail","6":"product_brand-solem","7":"product_cat-jardineria","8":"product_cat-programadores","9":"product_cat-sensores","10":"product_tag-4g","11":"product_tag-9v","12":"product_tag-autonomo","13":"product_tag-bluetooth","14":"product_tag-lora","15":"product_tag-programador","16":"product_tag-sistema-de-riego","17":"product_tag-solem","18":"product_tag-wifi","20":"first","21":"instock","22":"taxable","23":"shipping-taxable","24":"purchasable","25":"product-type-variable"},"_links":{"self":[{"href":"https:\/\/ikriegos.com\/en\/wp-json\/wp\/v2\/product\/7314","targetHints":{"allow":["GET"]}}],"collection":[{"href":"https:\/\/ikriegos.com\/en\/wp-json\/wp\/v2\/product"}],"about":[{"href":"https:\/\/ikriegos.com\/en\/wp-json\/wp\/v2\/types\/product"}],"wp:featuredmedia":[{"embeddable":true,"href":"https:\/\/ikriegos.com\/en\/wp-json\/wp\/v2\/media\/7238"}],"wp:attachment":[{"href":"https:\/\/ikriegos.com\/en\/wp-json\/wp\/v2\/media?parent=7314"}],"wp:term":[{"taxonomy":"product_brand","embeddable":true,"href":"https:\/\/ikriegos.com\/en\/wp-json\/wp\/v2\/product_brand?post=7314"},{"taxonomy":"product_cat","embeddable":true,"href":"https:\/\/ikriegos.com\/en\/wp-json\/wp\/v2\/product_cat?post=7314"},{"taxonomy":"product_tag","embeddable":true,"href":"https:\/\/ikriegos.com\/en\/wp-json\/wp\/v2\/product_tag?post=7314"}],"curies":[{"name":"wp","href":"https:\/\/api.w.org\/{rel}","templated":true}]}}