{"id":7306,"date":"2026-01-27T16:57:27","date_gmt":"2026-01-27T16:57:27","guid":{"rendered":"https:\/\/nuevo.ikriegos.com\/?post_type=product&#038;p=7306"},"modified":"2026-02-24T10:02:09","modified_gmt":"2026-02-24T10:02:09","slug":"modulo-control-actuadores-220v-4-salidas","status":"publish","type":"product","link":"https:\/\/ikriegos.com\/en\/tienda\/jardineria\/programadores\/modulo-control-actuadores-220v-4-salidas\/","title":{"rendered":"M\u00f3dulo SOLEM LR-OL 220V Control Actuadores 4 salidas"},"content":{"rendered":"<p>Controlador <strong>LR-OL<\/strong>, es un m\u00f3dulo de <strong>rel\u00e9<\/strong> <strong>Bluetooth y LoRa<\/strong> capaz de programar hasta <strong>4 zonas<\/strong> distintas de iluminaci\u00f3n y automatizaci\u00f3n zonas distintas: iluminaci\u00f3n del jard\u00edn, bomba, iluminaci\u00f3n de la fuente etc. Combinado con una pasarela<strong> Wi-Fi<\/strong> (tipo LR-MB), puede controlarse a distancia desde cualquier lugar.<br \/>\nDimensiones: anchura: 11 &#8211; 16 cm, altura: 14,5 cm y profundidad: 3,6 &#8211; 4,2 cm. Fabricado en pl\u00e1stico y de <strong>color negro<\/strong>.<\/p>\n","protected":false},"excerpt":{"rendered":"<p>Ref.: <strong>LROL<\/strong><\/p>\n<p>El <strong>LR-OL<\/strong> es un programador de iluminaci\u00f3n y fuentes de largo alcance LoRa\u2122. Controla diferentes espacios de iluminaci\u00f3n de su jard\u00edn o piscina y controla el arranque y la iluminaci\u00f3n de su fuente.<\/p>\n","protected":false},"featured_media":7241,"template":"","meta":[],"product_brand":[164],"product_cat":[96,104],"product_tag":[194,99,160,98,161,182,174,163,158],"class_list":{"0":"post-7306","1":"product","2":"type-product","3":"status-publish","4":"has-post-thumbnail","6":"product_brand-solem","7":"product_cat-jardineria","8":"product_cat-programadores","9":"product_tag-24v","10":"product_tag-autonomo","11":"product_tag-bluetooth","12":"product_tag-inteligente","13":"product_tag-lora","14":"product_tag-programador","15":"product_tag-rele","16":"product_tag-smart","17":"product_tag-solem","19":"first","20":"instock","21":"taxable","22":"shipping-taxable","23":"purchasable","24":"product-type-simple"},"_links":{"self":[{"href":"https:\/\/ikriegos.com\/en\/wp-json\/wp\/v2\/product\/7306","targetHints":{"allow":["GET"]}}],"collection":[{"href":"https:\/\/ikriegos.com\/en\/wp-json\/wp\/v2\/product"}],"about":[{"href":"https:\/\/ikriegos.com\/en\/wp-json\/wp\/v2\/types\/product"}],"wp:featuredmedia":[{"embeddable":true,"href":"https:\/\/ikriegos.com\/en\/wp-json\/wp\/v2\/media\/7241"}],"wp:attachment":[{"href":"https:\/\/ikriegos.com\/en\/wp-json\/wp\/v2\/media?parent=7306"}],"wp:term":[{"taxonomy":"product_brand","embeddable":true,"href":"https:\/\/ikriegos.com\/en\/wp-json\/wp\/v2\/product_brand?post=7306"},{"taxonomy":"product_cat","embeddable":true,"href":"https:\/\/ikriegos.com\/en\/wp-json\/wp\/v2\/product_cat?post=7306"},{"taxonomy":"product_tag","embeddable":true,"href":"https:\/\/ikriegos.com\/en\/wp-json\/wp\/v2\/product_tag?post=7306"}],"curies":[{"name":"wp","href":"https:\/\/api.w.org\/{rel}","templated":true}]}}