{"id":7294,"date":"2026-01-27T07:16:42","date_gmt":"2026-01-27T07:16:42","guid":{"rendered":"https:\/\/nuevo.ikriegos.com\/?post_type=product&#038;p=7294"},"modified":"2026-02-24T14:48:21","modified_gmt":"2026-02-24T14:48:21","slug":"estacion-base-wifi-interior-10-modulos","status":"publish","type":"product","link":"https:\/\/ikriegos.com\/en\/tienda\/jardineria\/programadores\/estacion-base-wifi-interior-10-modulos\/","title":{"rendered":"Estaci\u00f3n Base SOLEM LR-MB-10 Wifi Interior 10 M\u00f3dulos"},"content":{"rendered":"<p>Estaci\u00f3n base <strong>LR-MB-10<\/strong>, <strong>WIFI<\/strong> para <strong>10 m\u00f3dulos<\/strong>, para sistema <strong>Solem Canopy<\/strong>; conexi\u00f3n Wi-Fi 802.11 b\/g, WPA2-PSK, WPA, WEP, bluetooth smart 4.0 Low Energy, incluye cable coaxial de baja p\u00e9rdida de 10 m; control a trav\u00e9s de la plataforma <strong>MySolem<\/strong> o MySolem App o equivalentes; todos los ajustes se pueden realizar por <strong>Bluetooth<\/strong>; comunicaci\u00f3n banda de frecuencia ISM; alimentaci\u00f3n corriente el\u00e9ctrica; transformador externo (220\/24); bloque de terminales conexi\u00f3n externa; compatibilidad con 10 dispositivos SOLEM (LR-IP,LR-IS,LR-MS,LR-OL, etc.); dimensiones: 8 x 8,2 x 1,3 cm; temperatura de trabajo de 0\u00baC a 50\u00baC. Fabricado en pl\u00e1stico y de <strong>color negro<\/strong>.<\/p>\n","protected":false},"excerpt":{"rendered":"<p>Ref.: <strong>LR-MB10<\/strong><\/p>\n<p>La <strong>LR-MB-10<\/strong> es una pasarela <strong>LoRa<\/strong>\u00a0\/ <strong>Wi-Fi<\/strong> para conectar <strong>10 m\u00f3dulos de riego<\/strong>, piscina o iluminaci\u00f3n. Transfiere a la plataforma <strong>MySOLEM<\/strong> los datos de los m\u00f3dulos instalados (programaci\u00f3n, parametrizaciones y control manual). En un <strong>radio de 800 metro<\/strong>s*, la LR-MB conecta todos sus m\u00f3dulos.<\/p>\n","protected":false},"featured_media":7237,"template":"","meta":[],"product_brand":[164],"product_cat":[96,104],"product_tag":[99,181,98,161,97,158,159],"class_list":{"0":"post-7294","1":"product","2":"type-product","3":"status-publish","4":"has-post-thumbnail","6":"product_brand-solem","7":"product_cat-jardineria","8":"product_cat-programadores","9":"product_tag-autonomo","10":"product_tag-estacion-base","11":"product_tag-inteligente","12":"product_tag-lora","13":"product_tag-sistema-de-riego","14":"product_tag-solem","15":"product_tag-wifi","17":"first","18":"instock","19":"taxable","20":"shipping-taxable","21":"purchasable","22":"product-type-simple"},"_links":{"self":[{"href":"https:\/\/ikriegos.com\/en\/wp-json\/wp\/v2\/product\/7294","targetHints":{"allow":["GET"]}}],"collection":[{"href":"https:\/\/ikriegos.com\/en\/wp-json\/wp\/v2\/product"}],"about":[{"href":"https:\/\/ikriegos.com\/en\/wp-json\/wp\/v2\/types\/product"}],"wp:featuredmedia":[{"embeddable":true,"href":"https:\/\/ikriegos.com\/en\/wp-json\/wp\/v2\/media\/7237"}],"wp:attachment":[{"href":"https:\/\/ikriegos.com\/en\/wp-json\/wp\/v2\/media?parent=7294"}],"wp:term":[{"taxonomy":"product_brand","embeddable":true,"href":"https:\/\/ikriegos.com\/en\/wp-json\/wp\/v2\/product_brand?post=7294"},{"taxonomy":"product_cat","embeddable":true,"href":"https:\/\/ikriegos.com\/en\/wp-json\/wp\/v2\/product_cat?post=7294"},{"taxonomy":"product_tag","embeddable":true,"href":"https:\/\/ikriegos.com\/en\/wp-json\/wp\/v2\/product_tag?post=7294"}],"curies":[{"name":"wp","href":"https:\/\/api.w.org\/{rel}","templated":true}]}}