{"id":7274,"date":"2026-01-26T12:26:10","date_gmt":"2026-01-26T12:26:10","guid":{"rendered":"https:\/\/nuevo.ikriegos.com\/?post_type=product&#038;p=7274"},"modified":"2026-02-04T11:43:21","modified_gmt":"2026-02-04T11:43:21","slug":"extension-cable-antena-10mtrs","status":"publish","type":"product","link":"https:\/\/ikriegos.com\/en\/tienda\/jardineria\/programadores\/extension-cable-antena-10mtrs\/","title":{"rendered":"Extensi\u00f3n Cable Antena EXT10MMB 10mtrs"},"content":{"rendered":"<p>Cable de extensi\u00f3n <strong>EXT10MMB<\/strong> de antena Ultra Wifi hecho de RG58 de alta calidad y baja p\u00e9rdida, lo que significa mucha menos atenuaci\u00f3n.<br \/>\nCompatible con: Cable SMA para enrutador Wifi, m\u00f3dem de punto de acceso Wifi AP, se\u00f1al Wifi, adaptador USB; Mini tarjeta de red PCI Express PCIe inal\u00e1mbrica, c\u00e1mara de seguridad IP, videovigilancia inal\u00e1mbrica, vigilancia, controlador de Dron FPV, c\u00e1mara FPV; C\u00e1mara de respaldo, c\u00e1mara de respaldo inal\u00e1mbrica, c\u00e1mara de respaldo para camioneta, RV, Van Trail.<br \/>\n<strong>Longitud total: 10 m<\/strong>, 50ohmios; Tipo de conector: SMA hembra (pin interior), SMA macho (agujero interior).<\/p>\n","protected":false},"excerpt":{"rendered":"<p>Ref.: <strong>EXT10MMB<\/strong><\/p>\n<p>&nbsp;<\/p>\n","protected":false},"featured_media":7276,"template":"","meta":[],"product_brand":[164],"product_cat":[96,104],"product_tag":[99,160,217,98,161,174,158,159],"class_list":{"0":"post-7274","1":"product","2":"type-product","3":"status-publish","4":"has-post-thumbnail","6":"product_brand-solem","7":"product_cat-jardineria","8":"product_cat-programadores","9":"product_tag-autonomo","10":"product_tag-bluetooth","11":"product_tag-extension","12":"product_tag-inteligente","13":"product_tag-lora","14":"product_tag-rele","15":"product_tag-solem","16":"product_tag-wifi","18":"first","19":"instock","20":"taxable","21":"shipping-taxable","22":"purchasable","23":"product-type-simple"},"_links":{"self":[{"href":"https:\/\/ikriegos.com\/en\/wp-json\/wp\/v2\/product\/7274","targetHints":{"allow":["GET"]}}],"collection":[{"href":"https:\/\/ikriegos.com\/en\/wp-json\/wp\/v2\/product"}],"about":[{"href":"https:\/\/ikriegos.com\/en\/wp-json\/wp\/v2\/types\/product"}],"wp:featuredmedia":[{"embeddable":true,"href":"https:\/\/ikriegos.com\/en\/wp-json\/wp\/v2\/media\/7276"}],"wp:attachment":[{"href":"https:\/\/ikriegos.com\/en\/wp-json\/wp\/v2\/media?parent=7274"}],"wp:term":[{"taxonomy":"product_brand","embeddable":true,"href":"https:\/\/ikriegos.com\/en\/wp-json\/wp\/v2\/product_brand?post=7274"},{"taxonomy":"product_cat","embeddable":true,"href":"https:\/\/ikriegos.com\/en\/wp-json\/wp\/v2\/product_cat?post=7274"},{"taxonomy":"product_tag","embeddable":true,"href":"https:\/\/ikriegos.com\/en\/wp-json\/wp\/v2\/product_tag?post=7274"}],"curies":[{"name":"wp","href":"https:\/\/api.w.org\/{rel}","templated":true}]}}