{"id":7272,"date":"2026-01-26T11:47:30","date_gmt":"2026-01-26T11:47:30","guid":{"rendered":"https:\/\/nuevo.ikriegos.com\/?post_type=product&#038;p=7272"},"modified":"2026-02-24T08:31:54","modified_gmt":"2026-02-24T08:31:54","slug":"rele-latch-arranque-de-bomba","status":"publish","type":"product","link":"https:\/\/ikriegos.com\/en\/tienda\/jardineria\/programadores\/rele-latch-arranque-de-bomba\/","title":{"rendered":"SOLEM RELAY Rel\u00e9 Arranque de Bomba 9V"},"content":{"rendered":"<p>Rel\u00e9 de control <strong>RELAY<\/strong>, se puede utilizar para controlar cualquier tipo de dispositivo el\u00e9ctrico (bomba, por ejemplo) desde un programador LoRa y Bluetooth\u00ae de 9V. La orden de riego del programador abre o cierra el rel\u00e9 de control.<\/p>\n","protected":false},"excerpt":{"rendered":"<p>Ref.: <strong>RELAY<\/strong><\/p>\n<p>Con el rel\u00e9 de control<strong> RELAY<\/strong> puedes encender y apagar equipos el\u00e9ctricos, como bombas, a distancia y sin l\u00edos. Funciona junto a un programador LoRa y Bluetooth\u00ae de 9 V, que env\u00eda la orden y hace que el rel\u00e9 act\u00fae autom\u00e1ticamente. T\u00fa mandas, el RELAY se encarga del resto.<\/p>\n<p>&nbsp;<\/p>\n","protected":false},"featured_media":7252,"template":"","meta":[],"product_brand":[164],"product_cat":[96,104],"product_tag":[162,99,98,161,174,97,158,159],"class_list":{"0":"post-7272","1":"product","2":"type-product","3":"status-publish","4":"has-post-thumbnail","6":"product_brand-solem","7":"product_cat-jardineria","8":"product_cat-programadores","9":"product_tag-4g","10":"product_tag-autonomo","11":"product_tag-inteligente","12":"product_tag-lora","13":"product_tag-rele","14":"product_tag-sistema-de-riego","15":"product_tag-solem","16":"product_tag-wifi","18":"first","19":"instock","20":"taxable","21":"shipping-taxable","22":"purchasable","23":"product-type-simple"},"_links":{"self":[{"href":"https:\/\/ikriegos.com\/en\/wp-json\/wp\/v2\/product\/7272","targetHints":{"allow":["GET"]}}],"collection":[{"href":"https:\/\/ikriegos.com\/en\/wp-json\/wp\/v2\/product"}],"about":[{"href":"https:\/\/ikriegos.com\/en\/wp-json\/wp\/v2\/types\/product"}],"wp:featuredmedia":[{"embeddable":true,"href":"https:\/\/ikriegos.com\/en\/wp-json\/wp\/v2\/media\/7252"}],"wp:attachment":[{"href":"https:\/\/ikriegos.com\/en\/wp-json\/wp\/v2\/media?parent=7272"}],"wp:term":[{"taxonomy":"product_brand","embeddable":true,"href":"https:\/\/ikriegos.com\/en\/wp-json\/wp\/v2\/product_brand?post=7272"},{"taxonomy":"product_cat","embeddable":true,"href":"https:\/\/ikriegos.com\/en\/wp-json\/wp\/v2\/product_cat?post=7272"},{"taxonomy":"product_tag","embeddable":true,"href":"https:\/\/ikriegos.com\/en\/wp-json\/wp\/v2\/product_tag?post=7272"}],"curies":[{"name":"wp","href":"https:\/\/api.w.org\/{rel}","templated":true}]}}