{"id":5351,"date":"2025-10-31T14:36:22","date_gmt":"2025-10-31T14:36:22","guid":{"rendered":"https:\/\/nuevo.ikriegos.com\/?post_type=product&#038;p=5351"},"modified":"2026-02-26T10:56:16","modified_gmt":"2026-02-26T10:56:16","slug":"robot-gotero-ajustable-strimon","status":"publish","type":"product","link":"https:\/\/ikriegos.com\/en\/tienda\/jardineria\/programadores\/robot-gotero-ajustable-strimon\/","title":{"rendered":"Programadores SOLEM LR-IP 9V con Control de Caudal"},"content":{"rendered":"<p>Programador <strong>LR-IP<\/strong>, de 9V LACHT, con control de caudal, para sistema <strong>Solem Canopy<\/strong>; alimentaci\u00f3n por bater\u00eda de <strong>9V<\/strong> est\u00e1ndar; control a trav\u00e9s de la plataforma <strong>MySolem<\/strong> o MySolem App; comunicaci\u00f3n <strong>Bluetooth o LoRa<\/strong>; estanqueidad IP68; salidas a v\u00e1lvula maestra, sensor de lluvia y solenoide 9V; distancia al solenoide 30 m; dimensiones 14 cm de longitud, 5,5 cm de altura y 9 cm de profundidad; temperatura de trabajo de 0\u00baC a 50\u00baC. Fabricado en pl\u00e1stico y de <strong>color negro.<\/strong><\/p>\n","protected":false},"excerpt":{"rendered":"<p>Ref.: <strong>LR 1\/2\/4\/6<\/strong><\/p>\n<p>Programador de riego <strong>LR-IP<\/strong>, compatible con Solem Canopy. Se controla c\u00f3modamente desde la app MySolem, con conexi\u00f3n Bluetooth o LoRa. Funciona con pila de 9V, es totalmente estanco (IP68) y est\u00e1 dise\u00f1ado para ofrecer un riego fiable y sin complicaciones.<\/p>\n","protected":false},"featured_media":7222,"template":"","meta":[],"product_brand":[164],"product_cat":[96,104],"product_tag":[162,192,99,160,205,98,161,182,163,158,159],"class_list":{"0":"post-5351","1":"product","2":"type-product","3":"status-publish","4":"has-post-thumbnail","6":"product_brand-solem","7":"product_cat-jardineria","8":"product_cat-programadores","9":"product_tag-4g","10":"product_tag-9v","11":"product_tag-autonomo","12":"product_tag-bluetooth","13":"product_tag-control-de-caudal","14":"product_tag-inteligente","15":"product_tag-lora","16":"product_tag-programador","17":"product_tag-smart","18":"product_tag-solem","19":"product_tag-wifi","21":"first","22":"instock","23":"taxable","24":"shipping-taxable","25":"purchasable","26":"product-type-variable"},"_links":{"self":[{"href":"https:\/\/ikriegos.com\/en\/wp-json\/wp\/v2\/product\/5351","targetHints":{"allow":["GET"]}}],"collection":[{"href":"https:\/\/ikriegos.com\/en\/wp-json\/wp\/v2\/product"}],"about":[{"href":"https:\/\/ikriegos.com\/en\/wp-json\/wp\/v2\/types\/product"}],"wp:featuredmedia":[{"embeddable":true,"href":"https:\/\/ikriegos.com\/en\/wp-json\/wp\/v2\/media\/7222"}],"wp:attachment":[{"href":"https:\/\/ikriegos.com\/en\/wp-json\/wp\/v2\/media?parent=5351"}],"wp:term":[{"taxonomy":"product_brand","embeddable":true,"href":"https:\/\/ikriegos.com\/en\/wp-json\/wp\/v2\/product_brand?post=5351"},{"taxonomy":"product_cat","embeddable":true,"href":"https:\/\/ikriegos.com\/en\/wp-json\/wp\/v2\/product_cat?post=5351"},{"taxonomy":"product_tag","embeddable":true,"href":"https:\/\/ikriegos.com\/en\/wp-json\/wp\/v2\/product_tag?post=5351"}],"curies":[{"name":"wp","href":"https:\/\/api.w.org\/{rel}","templated":true}]}}