{"id":4776,"date":"2025-10-16T10:56:20","date_gmt":"2025-10-16T10:56:20","guid":{"rendered":"https:\/\/nuevo.ikriegos.com\/?post_type=product&#038;p=4776"},"modified":"2026-02-24T14:53:13","modified_gmt":"2026-02-24T14:53:13","slug":"kit-de-riego-automatico-smartgarden-40","status":"publish","type":"product","link":"https:\/\/ikriegos.com\/en\/tienda\/jardineria\/programadores\/kit-de-riego-automatico-smartgarden-40\/","title":{"rendered":"Estaci\u00f3n Base React SOLEM LR-BST-REACT 4G + Suscripci\u00f3n de 5 a\u00f1os"},"content":{"rendered":"<p>Estaci\u00f3n Base <strong>LR-BST-REACT GPRS<\/strong>, para sistema <strong>Solem Canopy<\/strong>; conexi\u00f3n<strong> 4G<\/strong>; control a trav\u00e9s de la plataforma <strong>MySolem<\/strong> o MySolem App; todos los ajustes se pueden realizar por <strong>Bluetooth<\/strong>; comunicaci\u00f3n banda de frecuencia ISM; alimentaci\u00f3n corriente el\u00e9ctrica; transformador externo (220\/24); bloque de terminales conexi\u00f3n externa; <strong>compatibilidad con 25 dispositivos SOLEM<\/strong> con tecnolog\u00eda <strong>LoRa<\/strong>\u00a0(programadores LR-IP, LR-IS, LR-MS, LR-OL, etc.); dimensiones 14 x 5,5 x 9 cm; temperatura de trabajo de 0\u00baC a 50\u00ba. Fabricado en pl\u00e1stico y de color negro.<\/p>\n","protected":false},"excerpt":{"rendered":"<p>Ref.:<strong> LRREACT<\/strong><\/p>\n<p>La <strong>LR-BST-REACT<\/strong> es la estaci\u00f3n base del sistema Solem Canopy que te permite controlar el riego de forma remota y sencilla. Se conecta por 4G y centraliza hasta 25 dispositivos SOLEM, todo gestionado desde la app MySolem, sin l\u00edos y con total fiabilidad.<\/p>\n","protected":false},"featured_media":7234,"template":"","meta":[],"product_brand":[164],"product_cat":[96,104],"product_tag":[204,162,99,181,98,161,97,158,159],"class_list":{"0":"post-4776","1":"product","2":"type-product","3":"status-publish","4":"has-post-thumbnail","6":"product_brand-solem","7":"product_cat-jardineria","8":"product_cat-programadores","9":"product_tag-220v","10":"product_tag-4g","11":"product_tag-autonomo","12":"product_tag-estacion-base","13":"product_tag-inteligente","14":"product_tag-lora","15":"product_tag-sistema-de-riego","16":"product_tag-solem","17":"product_tag-wifi","19":"first","20":"instock","21":"taxable","22":"shipping-taxable","23":"purchasable","24":"product-type-simple"},"_links":{"self":[{"href":"https:\/\/ikriegos.com\/en\/wp-json\/wp\/v2\/product\/4776","targetHints":{"allow":["GET"]}}],"collection":[{"href":"https:\/\/ikriegos.com\/en\/wp-json\/wp\/v2\/product"}],"about":[{"href":"https:\/\/ikriegos.com\/en\/wp-json\/wp\/v2\/types\/product"}],"wp:featuredmedia":[{"embeddable":true,"href":"https:\/\/ikriegos.com\/en\/wp-json\/wp\/v2\/media\/7234"}],"wp:attachment":[{"href":"https:\/\/ikriegos.com\/en\/wp-json\/wp\/v2\/media?parent=4776"}],"wp:term":[{"taxonomy":"product_brand","embeddable":true,"href":"https:\/\/ikriegos.com\/en\/wp-json\/wp\/v2\/product_brand?post=4776"},{"taxonomy":"product_cat","embeddable":true,"href":"https:\/\/ikriegos.com\/en\/wp-json\/wp\/v2\/product_cat?post=4776"},{"taxonomy":"product_tag","embeddable":true,"href":"https:\/\/ikriegos.com\/en\/wp-json\/wp\/v2\/product_tag?post=4776"}],"curies":[{"name":"wp","href":"https:\/\/api.w.org\/{rel}","templated":true}]}}