{"id":4775,"date":"2025-10-16T10:55:40","date_gmt":"2025-10-16T10:55:40","guid":{"rendered":"https:\/\/nuevo.ikriegos.com\/?post_type=product&#038;p=4775"},"modified":"2026-02-24T08:35:33","modified_gmt":"2026-02-24T08:35:33","slug":"kit-de-riego-automatico-smartgarden-30","status":"publish","type":"product","link":"https:\/\/ikriegos.com\/en\/tienda\/jardineria\/programadores\/kit-de-riego-automatico-smartgarden-30\/","title":{"rendered":"Lector de Sensor de Presi\u00f3n SOLEM LR-PR 9V"},"content":{"rendered":"<p>Lector de sensor de presi\u00f3n <strong>LR-PR<\/strong>, para sistema <strong>Solem Canopy<\/strong>; kit compuesto de m\u00f3dulo y sensor de presi\u00f3n para <strong>lectura<\/strong> de <strong>presi\u00f3n<\/strong> de entre<strong> 0 y 16 bares<\/strong>; comunicaci\u00f3n Bluetooth o LoRa; programaci\u00f3n a trav\u00e9s de la plataforma <strong>MySolem<\/strong> o MySolem App o equivalentes; alimentaci\u00f3n por bater\u00eda de 9V est\u00e1ndar; estanqueidad IP68; dimensiones 14 cm de longitud, 5,5 cm de altura y 9 cm de profundidad; temperatura de trabajo de 0\u00baC a 50\u00baC. Fabricado en pl\u00e1stico y de <strong>color negro<\/strong>.<\/p>\n","protected":false},"excerpt":{"rendered":"<p>Ref.:<strong> LR-PR<\/strong><\/p>\n<p>El kit <strong>LR-PR<\/strong> consiste en un m\u00f3dulo de captaci\u00f3n Bluetooth\u00ae \/ LoRaTM equipado con un <strong>sensor de presi\u00f3n<\/strong>. Este kit env\u00eda datos de presi\u00f3n entre <strong>0 y 16 bares<\/strong> a la plataforma <strong>MySOLEM<\/strong>, lo que le permite controlar la presi\u00f3n de su instalaci\u00f3n. Una vez definidos los umbrales de activaci\u00f3n, la plataforma MySOLEM le avisar\u00e1 si se superan, lo que le permitir\u00e1 proteger sus equipos.<\/p>\n","protected":false},"featured_media":7243,"template":"","meta":[],"product_brand":[164],"product_cat":[96,104,105],"product_tag":[192,99,160,98,161,180,97,158],"class_list":{"0":"post-4775","1":"product","2":"type-product","3":"status-publish","4":"has-post-thumbnail","6":"product_brand-solem","7":"product_cat-jardineria","8":"product_cat-programadores","9":"product_cat-sensores","10":"product_tag-9v","11":"product_tag-autonomo","12":"product_tag-bluetooth","13":"product_tag-inteligente","14":"product_tag-lora","15":"product_tag-presion","16":"product_tag-sistema-de-riego","17":"product_tag-solem","19":"first","20":"instock","21":"taxable","22":"shipping-taxable","23":"purchasable","24":"product-type-simple"},"_links":{"self":[{"href":"https:\/\/ikriegos.com\/en\/wp-json\/wp\/v2\/product\/4775","targetHints":{"allow":["GET"]}}],"collection":[{"href":"https:\/\/ikriegos.com\/en\/wp-json\/wp\/v2\/product"}],"about":[{"href":"https:\/\/ikriegos.com\/en\/wp-json\/wp\/v2\/types\/product"}],"wp:featuredmedia":[{"embeddable":true,"href":"https:\/\/ikriegos.com\/en\/wp-json\/wp\/v2\/media\/7243"}],"wp:attachment":[{"href":"https:\/\/ikriegos.com\/en\/wp-json\/wp\/v2\/media?parent=4775"}],"wp:term":[{"taxonomy":"product_brand","embeddable":true,"href":"https:\/\/ikriegos.com\/en\/wp-json\/wp\/v2\/product_brand?post=4775"},{"taxonomy":"product_cat","embeddable":true,"href":"https:\/\/ikriegos.com\/en\/wp-json\/wp\/v2\/product_cat?post=4775"},{"taxonomy":"product_tag","embeddable":true,"href":"https:\/\/ikriegos.com\/en\/wp-json\/wp\/v2\/product_tag?post=4775"}],"curies":[{"name":"wp","href":"https:\/\/api.w.org\/{rel}","templated":true}]}}