{"id":4712,"date":"2025-10-16T08:28:14","date_gmt":"2025-10-16T08:28:14","guid":{"rendered":"https:\/\/nuevo.ikriegos.com\/?post_type=product&#038;p=4712"},"modified":"2026-02-24T14:55:12","modified_gmt":"2026-02-24T14:55:12","slug":"kit-de-riego-automatico-smartgarden-25","status":"publish","type":"product","link":"https:\/\/ikriegos.com\/en\/tienda\/jardineria\/programadores\/kit-de-riego-automatico-smartgarden-25\/","title":{"rendered":"M\u00f3dulo Controlador V\u00e1lvula Maestra SOLEM LR-PM 9V"},"content":{"rendered":"<p>Lector de controlador de v\u00e1lvula maestra <strong>LR-PM<\/strong>, para sistema <strong>Solem Canopy<\/strong>; controlador para <strong>v\u00e1lvula maestra o una bomba<\/strong>, combina la programaci\u00f3n y los caudales de todos los programadores de zona(LR-IP-FL o equivalentes) conectados al mismo sistema de agua; programaci\u00f3n a trav\u00e9s de la plataforma <strong>MySolem<\/strong> o MySolem App o equivalentes; comunicaci\u00f3n <strong>Bluetooth y LoRa<\/strong>; alimentaci\u00f3n por bater\u00eda de <strong>9V<\/strong> est\u00e1ndar; estanqueidad IP68; dimensiones 14 cm de longitud, 5,5 cm de altura y 9 cm de profundidad; temperatura de trabajo de 0\u00baC a 50\u00baC. Fabricado en pl\u00e1stico y de <strong>color morado<\/strong>.<\/p>\n","protected":false},"excerpt":{"rendered":"<p>Ref.: <strong>LR-PM<\/strong><\/p>\n<p>El <strong>LR-PM<\/strong> es un programador de riego <strong>Bluetooth y LoRa<\/strong>\u00a0a prueba de agua y a pila que puede controlar una v\u00e1lvula maestra o una bomba. Junto con una pasarela Wi-Fi o 4G, sincroniza autom\u00e1ticamente todos los programas de riego de los m\u00f3dulos conectados en la misma red de agua (compatible con LR-AG). Visualice todos los ajustes de un vistazo y optimice el caudal de la bomba en funci\u00f3n de la programaci\u00f3n de las v\u00e1lvulas.<\/p>\n","protected":false},"featured_media":7242,"template":"","meta":[],"product_brand":[164],"product_cat":[96,104],"product_tag":[192,99,160,98,161,97,163,158,203,159],"class_list":{"0":"post-4712","1":"product","2":"type-product","3":"status-publish","4":"has-post-thumbnail","6":"product_brand-solem","7":"product_cat-jardineria","8":"product_cat-programadores","9":"product_tag-9v","10":"product_tag-autonomo","11":"product_tag-bluetooth","12":"product_tag-inteligente","13":"product_tag-lora","14":"product_tag-sistema-de-riego","15":"product_tag-smart","16":"product_tag-solem","17":"product_tag-valvula-maestra","18":"product_tag-wifi","20":"first","21":"instock","22":"taxable","23":"shipping-taxable","24":"purchasable","25":"product-type-simple"},"_links":{"self":[{"href":"https:\/\/ikriegos.com\/en\/wp-json\/wp\/v2\/product\/4712","targetHints":{"allow":["GET"]}}],"collection":[{"href":"https:\/\/ikriegos.com\/en\/wp-json\/wp\/v2\/product"}],"about":[{"href":"https:\/\/ikriegos.com\/en\/wp-json\/wp\/v2\/types\/product"}],"wp:featuredmedia":[{"embeddable":true,"href":"https:\/\/ikriegos.com\/en\/wp-json\/wp\/v2\/media\/7242"}],"wp:attachment":[{"href":"https:\/\/ikriegos.com\/en\/wp-json\/wp\/v2\/media?parent=4712"}],"wp:term":[{"taxonomy":"product_brand","embeddable":true,"href":"https:\/\/ikriegos.com\/en\/wp-json\/wp\/v2\/product_brand?post=4712"},{"taxonomy":"product_cat","embeddable":true,"href":"https:\/\/ikriegos.com\/en\/wp-json\/wp\/v2\/product_cat?post=4712"},{"taxonomy":"product_tag","embeddable":true,"href":"https:\/\/ikriegos.com\/en\/wp-json\/wp\/v2\/product_tag?post=4712"}],"curies":[{"name":"wp","href":"https:\/\/api.w.org\/{rel}","templated":true}]}}